{"id":252,"date":"2025-07-29T19:52:33","date_gmt":"2025-07-29T19:52:33","guid":{"rendered":"https:\/\/vidalay.com\/?page_id=252"},"modified":"2025-09-28T04:26:04","modified_gmt":"2025-09-28T04:26:04","slug":"colombia-emprende-digital","status":"publish","type":"page","link":"https:\/\/vidalay.com\/?page_id=252","title":{"rendered":"Colombia Emprende Digital"},"content":{"rendered":"\t\t<div data-elementor-type=\"wp-page\" data-elementor-id=\"252\" class=\"elementor elementor-252\" data-elementor-post-type=\"page\">\n\t\t\t\t<div class=\"elementor-element elementor-element-3b3c5fa e-flex e-con-boxed e-con e-parent\" data-id=\"3b3c5fa\" data-element_type=\"container\">\n\t\t\t\t\t<div class=\"e-con-inner\">\n\t\t\t\t<div class=\"elementor-element elementor-element-a3f3890 elementor-widget elementor-widget-heading\" data-id=\"a3f3890\" data-element_type=\"widget\" data-widget_type=\"heading.default\">\n\t\t\t\t<div class=\"elementor-widget-container\">\n\t\t\t<style>\/*! elementor - v3.22.0 - 26-06-2024 *\/\n.elementor-heading-title{padding:0;margin:0;line-height:1}.elementor-widget-heading .elementor-heading-title[class*=elementor-size-]>a{color:inherit;font-size:inherit;line-height:inherit}.elementor-widget-heading .elementor-heading-title.elementor-size-small{font-size:15px}.elementor-widget-heading .elementor-heading-title.elementor-size-medium{font-size:19px}.elementor-widget-heading .elementor-heading-title.elementor-size-large{font-size:29px}.elementor-widget-heading .elementor-heading-title.elementor-size-xl{font-size:39px}.elementor-widget-heading .elementor-heading-title.elementor-size-xxl{font-size:59px}<\/style><h2 class=\"elementor-heading-title elementor-size-default\">Colombia Emprende Digital<\/h2>\t\t<\/div>\n\t\t\t\t<\/div>\n\t\t\t\t<div class=\"elementor-element elementor-element-ceebf56 elementor-widget elementor-widget-heading\" data-id=\"ceebf56\" data-element_type=\"widget\" data-widget_type=\"heading.default\">\n\t\t\t\t<div class=\"elementor-widget-container\">\n\t\t\t<h2 class=\"elementor-heading-title elementor-size-default\">-<\/h2>\t\t<\/div>\n\t\t\t\t<\/div>\n\t\t\t\t\t<\/div>\n\t\t\t\t<\/div>\n\t\t<div class=\"elementor-element elementor-element-0d2796d e-flex e-con-boxed e-con e-parent\" data-id=\"0d2796d\" data-element_type=\"container\">\n\t\t\t\t\t<div class=\"e-con-inner\">\n\t\t\t\t<div class=\"elementor-element elementor-element-b9afb09 elementor-widget elementor-widget-heading\" data-id=\"b9afb09\" data-element_type=\"widget\" data-widget_type=\"heading.default\">\n\t\t\t\t<div class=\"elementor-widget-container\">\n\t\t\t<h2 class=\"elementor-heading-title elementor-size-default\">Conoce el escenario del emprendimiento en Colombia y sus oportunidades<\/h2>\t\t<\/div>\n\t\t\t\t<\/div>\n\t\t\t\t<div class=\"elementor-element elementor-element-3a8abcb elementor-widget elementor-widget-text-editor\" data-id=\"3a8abcb\" data-element_type=\"widget\" data-widget_type=\"text-editor.default\">\n\t\t\t\t<div class=\"elementor-widget-container\">\n\t\t\t<style>\/*! elementor - v3.22.0 - 26-06-2024 *\/\n.elementor-widget-text-editor.elementor-drop-cap-view-stacked .elementor-drop-cap{background-color:#69727d;color:#fff}.elementor-widget-text-editor.elementor-drop-cap-view-framed .elementor-drop-cap{color:#69727d;border:3px solid;background-color:transparent}.elementor-widget-text-editor:not(.elementor-drop-cap-view-default) .elementor-drop-cap{margin-top:8px}.elementor-widget-text-editor:not(.elementor-drop-cap-view-default) .elementor-drop-cap-letter{width:1em;height:1em}.elementor-widget-text-editor .elementor-drop-cap{float:left;text-align:center;line-height:1;font-size:50px}.elementor-widget-text-editor .elementor-drop-cap-letter{display:inline-block}<\/style>\t\t\t\t<p>El \u00e9xito de los emprendedores colombianos est\u00e1 convirtiendo al pa\u00eds en una de las puntas de lanza de la regi\u00f3n en esta actividad. \u00bfQu\u00e9 est\u00e1 pasando y hacia d\u00f3nde se dirige el emprendimiento en Colombia?<\/p><p>Con la aceleraci\u00f3n de la transformaci\u00f3n digital en Colombia, el\u00a0ecosistema emprendedor\u00a0se ha renovado en el pa\u00eds.<\/p><p>Seg\u00fan el m\u00e1s reciente estudio del Global Entrepreneurship Monitor (GEM), el 68,7% de los colombianos consideran que emprender es una elecci\u00f3n de carrera profesional deseable.\u00a0El emprendimiento en Colombia est\u00e1 encontrando una creciente aceptaci\u00f3n social\u00a0y, cada vez m\u00e1s, mejores incentivos econ\u00f3micos.<\/p>\t\t\t\t\t\t<\/div>\n\t\t\t\t<\/div>\n\t\t\t\t<div class=\"elementor-element elementor-element-8dab240 elementor-widget elementor-widget-image\" data-id=\"8dab240\" data-element_type=\"widget\" data-widget_type=\"image.default\">\n\t\t\t\t<div class=\"elementor-widget-container\">\n\t\t\t<style>\/*! elementor - v3.22.0 - 26-06-2024 *\/\n.elementor-widget-image{text-align:center}.elementor-widget-image a{display:inline-block}.elementor-widget-image a img[src$=\".svg\"]{width:48px}.elementor-widget-image img{vertical-align:middle;display:inline-block}<\/style>\t\t\t\t\t\t\t\t\t\t<img fetchpriority=\"high\" decoding=\"async\" width=\"768\" height=\"353\" src=\"https:\/\/vidalay.com\/wp-content\/uploads\/2025\/07\/img_16-768x353.png\" class=\"attachment-medium_large size-medium_large wp-image-254\" alt=\"\" srcset=\"https:\/\/vidalay.com\/wp-content\/uploads\/2025\/07\/img_16-768x353.png 768w, https:\/\/vidalay.com\/wp-content\/uploads\/2025\/07\/img_16-300x138.png 300w, https:\/\/vidalay.com\/wp-content\/uploads\/2025\/07\/img_16-1024x471.png 1024w, https:\/\/vidalay.com\/wp-content\/uploads\/2025\/07\/img_16.png 1400w\" sizes=\"(max-width: 768px) 100vw, 768px\" \/>\t\t\t\t\t\t\t\t\t\t\t\t\t<\/div>\n\t\t\t\t<\/div>\n\t\t\t\t\t<\/div>\n\t\t\t\t<\/div>\n\t\t<div class=\"elementor-element elementor-element-0e45ad5 e-flex e-con-boxed e-con e-parent\" data-id=\"0e45ad5\" data-element_type=\"container\">\n\t\t\t\t\t<div class=\"e-con-inner\">\n\t\t\t\t<div class=\"elementor-element elementor-element-2c86c06 elementor-widget elementor-widget-heading\" data-id=\"2c86c06\" data-element_type=\"widget\" data-widget_type=\"heading.default\">\n\t\t\t\t<div class=\"elementor-widget-container\">\n\t\t\t<h2 class=\"elementor-heading-title elementor-size-default\">-<\/h2>\t\t<\/div>\n\t\t\t\t<\/div>\n\t\t\t\t<div class=\"elementor-element elementor-element-6f4aa4c elementor-widget elementor-widget-heading\" data-id=\"6f4aa4c\" data-element_type=\"widget\" data-widget_type=\"heading.default\">\n\t\t\t\t<div class=\"elementor-widget-container\">\n\t\t\t<h2 class=\"elementor-heading-title elementor-size-default\">3 oportunidades que fortalecer\u00e1n el emprendimiento en Colombia<\/h2>\t\t<\/div>\n\t\t\t\t<\/div>\n\t\t\t\t<div class=\"elementor-element elementor-element-2d88bef elementor-widget elementor-widget-text-editor\" data-id=\"2d88bef\" data-element_type=\"widget\" data-widget_type=\"text-editor.default\">\n\t\t\t\t<div class=\"elementor-widget-container\">\n\t\t\t\t\t\t\t<p>Si las condiciones actuales son, en s\u00ed mismas, prometedoras,\u00a0el futuro del emprendimiento en Colombia ser\u00e1 a\u00fan mejor.<\/p><p>Las nuevas pol\u00edticas del gobierno nacional, las tecnolog\u00edas emergentes y la atenci\u00f3n que est\u00e1n ganando los nuevos negocios a nivel internacional as\u00ed lo demuestran.<\/p><p>Veamos estas oportunidades con m\u00e1s detalle.<\/p><p>1. Nuevas pol\u00edticas que favorecen el emprendimiento<\/p><p>Con la bandera de la Econom\u00eda Naranja, los emprendedores tendr\u00e1n acceso a nuevas convocatorias de financiaci\u00f3n, a programas de digitalizaci\u00f3n y a una creciente internacionalizaci\u00f3n\u00a0para alcanzar nuevos mercados y formarse en emprendimiento e\u00a0innovaci\u00f3n.<\/p><p>Esto significa que en Colombia, el apoyo a los emprendedores solo crecer\u00e1 por medio de nuevas pol\u00edticas que se han implementado. En efecto, hoy pueden buscar ayuda en instituciones p\u00fablicas y privadas que, por medio de asesor\u00edas y networking, orientan sus esfuerzos hacia buenos resultados.<\/p><p>2. Aparici\u00f3n de tecnolog\u00edas emergentes<\/p><p>La transformaci\u00f3n digital est\u00e1 cerrando las brechas que antes exist\u00edan en Colombia.<\/p><p>Gracias a la tecnolog\u00eda cualquier colombiano puede crear un\u00a0emprendimiento innovador\u00a0en cualquier lugar del pa\u00eds con acceso a Internet,\u00a0e incluso, trabajar de la mano de los mejores talentos del mundo de forma remota.<\/p><p>Los avances en Big Data, Inteligencia Artificial (IA), Machine Learning, Realidad Virtual (VR), la Realidad Aumentada, el Internet de las Cosas (IoT) y la Nanotecnolog\u00eda permiten crear negocios disruptivos y diferenciados que generen un mayor impacto a largo plazo.<\/p><p>3. Creciente atenci\u00f3n de grandes aceleradoras e inversionistas<\/p><p>Como te dec\u00edamos, gracias al \u00e9xito de grandes jugadores como Rappi,\u00a0los emprendimientos colombianos han captado la atenci\u00f3n de grandes\u00a0aceleradoras\u00a0de negocios\u00a0como Google Launchpad, Rockstart, MassChallenge M\u00e9xico, Wayra de Telef\u00f3nica y SoftBank.<\/p><p>Esto ha creado un ambiente prometedor para el emprendimiento en Colombia, donde cada vez es m\u00e1s sencillo encontrar fondos de inversi\u00f3n y\u00a0mentor\u00edas\u00a0para validar y hacer crecer nuevas ideas de negocio. De hecho,\u00a0el ecommerce en Colombia ha crecido un\u00a024%\u00a0en los \u00faltimos 5 a\u00f1os.<\/p>\t\t\t\t\t\t<\/div>\n\t\t\t\t<\/div>\n\t\t\t\t<div class=\"elementor-element elementor-element-50b29cf elementor-widget elementor-widget-image\" data-id=\"50b29cf\" data-element_type=\"widget\" data-widget_type=\"image.default\">\n\t\t\t\t<div class=\"elementor-widget-container\">\n\t\t\t\t\t\t\t\t\t\t\t\t\t<img decoding=\"async\" width=\"768\" height=\"475\" src=\"https:\/\/vidalay.com\/wp-content\/uploads\/2025\/07\/tareas-director-comercial-1200x7422-1-768x475.jpg\" class=\"attachment-medium_large size-medium_large wp-image-262\" alt=\"\" srcset=\"https:\/\/vidalay.com\/wp-content\/uploads\/2025\/07\/tareas-director-comercial-1200x7422-1-768x475.jpg 768w, https:\/\/vidalay.com\/wp-content\/uploads\/2025\/07\/tareas-director-comercial-1200x7422-1-300x186.jpg 300w, https:\/\/vidalay.com\/wp-content\/uploads\/2025\/07\/tareas-director-comercial-1200x7422-1-1024x633.jpg 1024w, https:\/\/vidalay.com\/wp-content\/uploads\/2025\/07\/tareas-director-comercial-1200x7422-1.jpg 1200w\" sizes=\"(max-width: 768px) 100vw, 768px\" \/>\t\t\t\t\t\t\t\t\t\t\t\t\t<\/div>\n\t\t\t\t<\/div>\n\t\t\t\t\t<\/div>\n\t\t\t\t<\/div>\n\t\t<div class=\"elementor-element elementor-element-6aff8b8 e-flex e-con-boxed e-con e-parent\" data-id=\"6aff8b8\" data-element_type=\"container\">\n\t\t\t\t\t<div class=\"e-con-inner\">\n\t\t\t\t<div class=\"elementor-element elementor-element-461589d elementor-widget elementor-widget-heading\" data-id=\"461589d\" data-element_type=\"widget\" data-widget_type=\"heading.default\">\n\t\t\t\t<div class=\"elementor-widget-container\">\n\t\t\t<h2 class=\"elementor-heading-title elementor-size-default\">-<\/h2>\t\t<\/div>\n\t\t\t\t<\/div>\n\t\t\t\t<div class=\"elementor-element elementor-element-235c59c elementor-widget elementor-widget-heading\" data-id=\"235c59c\" data-element_type=\"widget\" data-widget_type=\"heading.default\">\n\t\t\t\t<div class=\"elementor-widget-container\">\n\t\t\t<h2 class=\"elementor-heading-title elementor-size-default\">Conclusi\u00f3n <\/h2>\t\t<\/div>\n\t\t\t\t<\/div>\n\t\t\t\t<div class=\"elementor-element elementor-element-0472339 elementor-widget elementor-widget-text-editor\" data-id=\"0472339\" data-element_type=\"widget\" data-widget_type=\"text-editor.default\">\n\t\t\t\t<div class=\"elementor-widget-container\">\n\t\t\t\t\t\t\t<p>El emprendimiento en Colombia est\u00e1 pasando por un buen momento gracias a unas pol\u00edticas m\u00e1s favorables, un escenario econ\u00f3mico atractivo para las aceleradoras y los inversionistas internacionales y un cultura emprendedora cada vez m\u00e1s arraigada.<\/p><p>Sin duda,\u00a0este es solo uno de los efectos que trae la consolidaci\u00f3n de la transformaci\u00f3n digital en el pa\u00eds. <em><u>By <\/u><\/em><em><u>Tatiana Forero<\/u><\/em><\/p>\t\t\t\t\t\t<\/div>\n\t\t\t\t<\/div>\n\t\t\t\t\t<\/div>\n\t\t\t\t<\/div>\n\t\t<div class=\"elementor-element elementor-element-546886c e-flex e-con-boxed e-con e-parent\" data-id=\"546886c\" data-element_type=\"container\">\n\t\t\t\t\t<div class=\"e-con-inner\">\n\t\t\t\t<div class=\"elementor-element elementor-element-f0bcec9 elementor-widget elementor-widget-heading\" data-id=\"f0bcec9\" data-element_type=\"widget\" data-widget_type=\"heading.default\">\n\t\t\t\t<div class=\"elementor-widget-container\">\n\t\t\t<h2 class=\"elementor-heading-title elementor-size-default\">Vidalay - Eventos Empresariales<\/h2>\t\t<\/div>\n\t\t\t\t<\/div>\n\t\t\t\t\t<\/div>\n\t\t\t\t<\/div>\n\t\t<div class=\"elementor-element elementor-element-b5f69ce e-flex e-con-boxed e-con e-parent\" data-id=\"b5f69ce\" data-element_type=\"container\">\n\t\t\t\t\t<div class=\"e-con-inner\">\n\t\t\t\t<div class=\"elementor-element elementor-element-e3b18d7 elementor-widget elementor-widget-image\" data-id=\"e3b18d7\" data-element_type=\"widget\" data-widget_type=\"image.default\">\n\t\t\t\t<div class=\"elementor-widget-container\">\n\t\t\t\t\t\t\t\t\t\t\t\t\t<img decoding=\"async\" width=\"768\" height=\"768\" src=\"https:\/\/vidalay.com\/wp-content\/uploads\/2025\/07\/Polish_20250728_154839411-768x768.jpg\" class=\"attachment-medium_large size-medium_large wp-image-266\" alt=\"\" srcset=\"https:\/\/vidalay.com\/wp-content\/uploads\/2025\/07\/Polish_20250728_154839411-768x768.jpg 768w, https:\/\/vidalay.com\/wp-content\/uploads\/2025\/07\/Polish_20250728_154839411-300x300.jpg 300w, https:\/\/vidalay.com\/wp-content\/uploads\/2025\/07\/Polish_20250728_154839411-1024x1024.jpg 1024w, https:\/\/vidalay.com\/wp-content\/uploads\/2025\/07\/Polish_20250728_154839411-150x150.jpg 150w, https:\/\/vidalay.com\/wp-content\/uploads\/2025\/07\/Polish_20250728_154839411-1536x1536.jpg 1536w, https:\/\/vidalay.com\/wp-content\/uploads\/2025\/07\/Polish_20250728_154839411-2048x2048.jpg 2048w\" sizes=\"(max-width: 768px) 100vw, 768px\" \/>\t\t\t\t\t\t\t\t\t\t\t\t\t<\/div>\n\t\t\t\t<\/div>\n\t\t\t\t\t<\/div>\n\t\t\t\t<\/div>\n\t\t<div class=\"elementor-element elementor-element-bbe5ba5 e-flex e-con-boxed e-con e-parent\" data-id=\"bbe5ba5\" data-element_type=\"container\">\n\t\t\t\t\t<div class=\"e-con-inner\">\n\t\t\t\t<div class=\"elementor-element elementor-element-b5618dd elementor-widget elementor-widget-text-editor\" data-id=\"b5618dd\" data-element_type=\"widget\" data-widget_type=\"text-editor.default\">\n\t\t\t\t<div class=\"elementor-widget-container\">\n\t\t\t\t\t\t\t<p>\u00a0<\/p><p>Vidalay presente en el Evento especial de \u2018Mente Maestra del Estratega\u2019 en la ciudad de Medell\u00edn, Colombia; el cu\u00e1l tiene como finalidad revolucionar el Emprendimiento Digital.<\/p><p>Agradecemos la presencia de nuestras delegadas, \u00c1ngela y Nicole.<\/p><p>Venimos apoyando el Emprendimiento en J\u00f3venes y adultos, todo porque: <strong><b>#ColombiaEmprendeDigital<\/b><\/strong><\/p>\t\t\t\t\t\t<\/div>\n\t\t\t\t<\/div>\n\t\t\t\t\t<\/div>\n\t\t\t\t<\/div>\n\t\t<div class=\"elementor-element elementor-element-ba674c5 elementor-hidden-desktop elementor-hidden-tablet elementor-hidden-mobile e-flex e-con-boxed e-con e-parent\" data-id=\"ba674c5\" data-element_type=\"container\">\n\t\t\t\t\t<div class=\"e-con-inner\">\n\t\t\t\t<div class=\"elementor-element elementor-element-221d715 elementor-widget__width-initial elementor-widget elementor-widget-video\" data-id=\"221d715\" data-element_type=\"widget\" data-settings=\"{&quot;video_type&quot;:&quot;hosted&quot;,&quot;controls&quot;:&quot;yes&quot;}\" data-widget_type=\"video.default\">\n\t\t\t\t<div class=\"elementor-widget-container\">\n\t\t\t<style>\/*! elementor - v3.22.0 - 26-06-2024 *\/\n.elementor-widget-video .elementor-widget-container{overflow:hidden;transform:translateZ(0)}.elementor-widget-video .elementor-wrapper{aspect-ratio:var(--video-aspect-ratio)}.elementor-widget-video .elementor-wrapper iframe,.elementor-widget-video .elementor-wrapper video{height:100%;width:100%;display:flex;border:none;background-color:#000}@supports not (aspect-ratio:1\/1){.elementor-widget-video .elementor-wrapper{position:relative;overflow:hidden;height:0;padding-bottom:calc(100% \/ var(--video-aspect-ratio))}.elementor-widget-video .elementor-wrapper iframe,.elementor-widget-video .elementor-wrapper video{position:absolute;top:0;right:0;bottom:0;left:0}}.elementor-widget-video .elementor-open-inline .elementor-custom-embed-image-overlay{position:absolute;top:0;right:0;bottom:0;left:0;background-size:cover;background-position:50%}.elementor-widget-video .elementor-custom-embed-image-overlay{cursor:pointer;text-align:center}.elementor-widget-video .elementor-custom-embed-image-overlay:hover .elementor-custom-embed-play i{opacity:1}.elementor-widget-video .elementor-custom-embed-image-overlay img{display:block;width:100%;aspect-ratio:var(--video-aspect-ratio);-o-object-fit:cover;object-fit:cover;-o-object-position:center center;object-position:center center}@supports not (aspect-ratio:1\/1){.elementor-widget-video .elementor-custom-embed-image-overlay{position:relative;overflow:hidden;height:0;padding-bottom:calc(100% \/ var(--video-aspect-ratio))}.elementor-widget-video .elementor-custom-embed-image-overlay img{position:absolute;top:0;right:0;bottom:0;left:0}}.elementor-widget-video .e-hosted-video .elementor-video{-o-object-fit:cover;object-fit:cover}.e-con-inner>.elementor-widget-video,.e-con>.elementor-widget-video{width:var(--container-widget-width);--flex-grow:var(--container-widget-flex-grow)}<\/style>\t\t<div class=\"e-hosted-video elementor-wrapper elementor-open-inline\">\n\t\t\t\t\t<video class=\"elementor-video\" src=\"https:\/\/vidalay.com\/wp-content\/uploads\/2025\/07\/videovivedigitalvidalay.mp4\" controls=\"\" preload=\"metadata\" controlsList=\"nodownload\"><\/video>\n\t\t\t\t<\/div>\n\t\t\t\t<\/div>\n\t\t\t\t<\/div>\n\t\t\t\t\t<\/div>\n\t\t\t\t<\/div>\n\t\t<div class=\"elementor-element elementor-element-8256fca e-flex e-con-boxed e-con e-parent\" data-id=\"8256fca\" data-element_type=\"container\">\n\t\t\t\t\t<div class=\"e-con-inner\">\n\t\t\t\t<div class=\"elementor-element elementor-element-7081191 video-thumb elementor-widget elementor-widget-image\" data-id=\"7081191\" data-element_type=\"widget\" data-widget_type=\"image.default\">\n\t\t\t\t<div class=\"elementor-widget-container\">\n\t\t\t\t\t\t\t\t\t\t\t\t\t\t<a href=\"#elementor-action%3Aaction%3Dpopup%3Aopen%26settings%3DeyJpZCI6IjIzMzQiLCJ0b2dnbGUiOmZhbHNlfQ%3D%3D\">\n\t\t\t\t\t\t\t<img decoding=\"async\" src=\"https:\/\/vidalay.com\/wp-content\/uploads\/elementor\/thumbs\/imgvideoemprendedigitalok-rcei487l02lheoz4s71j6ctwx0qghlly4d6mzqkt28.jpg\" title=\"\" alt=\"\" loading=\"lazy\" \/>\t\t\t\t\t\t\t\t<\/a>\n\t\t\t\t\t\t\t\t\t\t\t\t\t<\/div>\n\t\t\t\t<\/div>\n\t\t\t\t\t<\/div>\n\t\t\t\t<\/div>\n\t\t\t\t<\/div>\n\t\t","protected":false},"excerpt":{"rendered":"<p>Colombia Emprende Digital &#8211; Conoce el escenario del emprendimiento en Colombia y sus oportunidades El \u00e9xito de los emprendedores colombianos est\u00e1 convirtiendo al pa\u00eds en una de las puntas de lanza de la regi\u00f3n en esta actividad. \u00bfQu\u00e9 est\u00e1 pasando y hacia d\u00f3nde se dirige el emprendimiento en Colombia? Con la aceleraci\u00f3n de la transformaci\u00f3n &hellip;<\/p>\n<p class=\"read-more\"> <a class=\"\" href=\"https:\/\/vidalay.com\/?page_id=252\"> <span class=\"screen-reader-text\">Colombia Emprende Digital<\/span> Leer m\u00e1s &raquo;<\/a><\/p>\n","protected":false},"author":1,"featured_media":0,"parent":0,"menu_order":0,"comment_status":"closed","ping_status":"closed","template":"","meta":{"pagelayer_contact_templates":[],"_pagelayer_content":"","footnotes":""},"class_list":["post-252","page","type-page","status-publish","hentry"],"_links":{"self":[{"href":"https:\/\/vidalay.com\/index.php?rest_route=\/wp\/v2\/pages\/252","targetHints":{"allow":["GET"]}}],"collection":[{"href":"https:\/\/vidalay.com\/index.php?rest_route=\/wp\/v2\/pages"}],"about":[{"href":"https:\/\/vidalay.com\/index.php?rest_route=\/wp\/v2\/types\/page"}],"author":[{"embeddable":true,"href":"https:\/\/vidalay.com\/index.php?rest_route=\/wp\/v2\/users\/1"}],"replies":[{"embeddable":true,"href":"https:\/\/vidalay.com\/index.php?rest_route=%2Fwp%2Fv2%2Fcomments&post=252"}],"version-history":[{"count":97,"href":"https:\/\/vidalay.com\/index.php?rest_route=\/wp\/v2\/pages\/252\/revisions"}],"predecessor-version":[{"id":2389,"href":"https:\/\/vidalay.com\/index.php?rest_route=\/wp\/v2\/pages\/252\/revisions\/2389"}],"wp:attachment":[{"href":"https:\/\/vidalay.com\/index.php?rest_route=%2Fwp%2Fv2%2Fmedia&parent=252"}],"curies":[{"name":"wp","href":"https:\/\/api.w.org\/{rel}","templated":true}]}}